{"id":1578,"date":"2024-05-07T20:40:13","date_gmt":"2024-05-07T20:40:13","guid":{"rendered":"https:\/\/marchettirules.com\/blog\/?post_type=product&#038;p=1578"},"modified":"2025-01-13T01:35:09","modified_gmt":"2025-01-13T01:35:09","slug":"abc-vegano-marchettirules","status":"publish","type":"product","link":"https:\/\/marchettirules.com\/blog\/producto\/abc-vegano-marchettirules\/","title":{"rendered":"ABC Vegano MarchettiRules"},"content":{"rendered":"<p class=\"mb-2 alineacionCentrada-AlineacionIzquierda p_de_descripcion_desktop\">Una gu\u00eda completa sobre c\u00f3mo llevar una alimentaci\u00f3n basada en plantas. Si sos vegan@ o est\u00e1s en proceso de poner en pr\u00e1ctica esta filosof\u00eda de vida, mi pdf te ayudar\u00e1 con todo lo que necesit\u00e1s y que no te falte ning\u00fan nutriente (ni la B12).<\/p>\n<p class=\"mb-4 alineacionCentrada-AlineacionIzquierda p_de_descripcion_desktop\">Adem\u00e1s, incluye una lista de alimentos aptos veganos, recetas para toda ocasi\u00f3n y los MarchettiTips que te ayudar\u00e1n a vivir una alimentaci\u00f3n basada en plantas\u2026 a la MarchettiRules\u00ae<\/p>\n<div class=\"pl-4 pl-sm-5 pl-md-0 mb-4\">\n<ul class=\"marginOAutoMobile p_de_descripcion_desktop\">\n<li><strong>Autor:\u00a0<\/strong>Mat\u00edas Marchetti<\/li>\n<li><strong>T\u00edtulo:\u00a0<\/strong>ABC Vegano MarchettiRules<\/li>\n<li><strong>Idioma:\u00a0<\/strong>Castellano<\/li>\n<li><strong>A\u00f1o:\u00a0<\/strong>2020<\/li>\n<li><strong>Formato:\u00a0<\/strong>20cm x 28cm<\/li>\n<li><strong>Archivo:\u00a0<\/strong>PDF<\/li>\n<li><strong>P\u00e1ginas:\u00a0<\/strong>154<\/li>\n<\/ul>\n<\/div>\n","protected":false},"excerpt":{"rendered":"<p>PDF Descargable<\/p>\n<p><a href=\"https:\/\/marchettirules.com\/blog\/wp-content\/uploads\/2024\/05\/para_leer.png\"><img decoding=\"async\" class=\"alignnone wp-image-1640\" src=\"https:\/\/marchettirules.com\/blog\/wp-content\/uploads\/2024\/05\/para_leer.png\" alt=\"\" width=\"164\" height=\"59\" \/><\/a><\/p>\n","protected":false},"featured_media":1582,"template":"","meta":[],"product_cat":[32,33,36,37],"product_tag":[],"class_list":{"0":"post-1578","1":"product","2":"type-product","3":"status-publish","4":"has-post-thumbnail","6":"product_cat-abc","7":"product_cat-mostrar-todas","8":"product_cat-recetas","9":"product_cat-vegano","11":"first","12":"instock","13":"downloadable","14":"virtual","15":"purchasable","16":"product-type-simple"},"yoast_head":"<!-- This site is optimized with the Yoast SEO plugin v24.2 - https:\/\/yoast.com\/wordpress\/plugins\/seo\/ -->\n<title>ABC Vegano MarchettiRules - MarchettiRules\u00ae<\/title>\n<meta name=\"robots\" content=\"index, follow, max-snippet:-1, max-image-preview:large, max-video-preview:-1\" \/>\n<link rel=\"canonical\" href=\"https:\/\/marchettirules.com\/blog\/producto\/abc-vegano-marchettirules\/\" \/>\n<meta property=\"og:locale\" content=\"es_ES\" \/>\n<meta property=\"og:type\" content=\"article\" \/>\n<meta property=\"og:title\" content=\"ABC Vegano MarchettiRules - MarchettiRules\u00ae\" \/>\n<meta property=\"og:description\" content=\"PDF Descargable\" \/>\n<meta property=\"og:url\" content=\"https:\/\/marchettirules.com\/blog\/producto\/abc-vegano-marchettirules\/\" \/>\n<meta property=\"og:site_name\" content=\"MarchettiRules\u00ae\" \/>\n<meta property=\"article:modified_time\" content=\"2025-01-13T01:35:09+00:00\" \/>\n<meta property=\"og:image\" content=\"https:\/\/marchettirules.com\/blog\/wp-content\/uploads\/2024\/05\/pub_abc_vegano_1.png\" \/>\n\t<meta property=\"og:image:width\" content=\"720\" \/>\n\t<meta property=\"og:image:height\" content=\"1000\" \/>\n\t<meta property=\"og:image:type\" content=\"image\/png\" \/>\n<meta name=\"twitter:card\" content=\"summary_large_image\" \/>\n<meta name=\"twitter:label1\" content=\"Tiempo de lectura\" \/>\n\t<meta name=\"twitter:data1\" content=\"1 minuto\" \/>\n<script type=\"application\/ld+json\" class=\"yoast-schema-graph\">{\"@context\":\"https:\/\/schema.org\",\"@graph\":[{\"@type\":\"WebPage\",\"@id\":\"https:\/\/marchettirules.com\/blog\/producto\/abc-vegano-marchettirules\/\",\"url\":\"https:\/\/marchettirules.com\/blog\/producto\/abc-vegano-marchettirules\/\",\"name\":\"ABC Vegano MarchettiRules - MarchettiRules\u00ae\",\"isPartOf\":{\"@id\":\"https:\/\/marchettirules.com\/blog\/#website\"},\"primaryImageOfPage\":{\"@id\":\"https:\/\/marchettirules.com\/blog\/producto\/abc-vegano-marchettirules\/#primaryimage\"},\"image\":{\"@id\":\"https:\/\/marchettirules.com\/blog\/producto\/abc-vegano-marchettirules\/#primaryimage\"},\"thumbnailUrl\":\"https:\/\/i0.wp.com\/marchettirules.com\/blog\/wp-content\/uploads\/2024\/05\/pub_abc_vegano_1.png?fit=720%2C1000&ssl=1\",\"datePublished\":\"2024-05-07T20:40:13+00:00\",\"dateModified\":\"2025-01-13T01:35:09+00:00\",\"breadcrumb\":{\"@id\":\"https:\/\/marchettirules.com\/blog\/producto\/abc-vegano-marchettirules\/#breadcrumb\"},\"inLanguage\":\"es\",\"potentialAction\":[{\"@type\":\"ReadAction\",\"target\":[\"https:\/\/marchettirules.com\/blog\/producto\/abc-vegano-marchettirules\/\"]}]},{\"@type\":\"ImageObject\",\"inLanguage\":\"es\",\"@id\":\"https:\/\/marchettirules.com\/blog\/producto\/abc-vegano-marchettirules\/#primaryimage\",\"url\":\"https:\/\/i0.wp.com\/marchettirules.com\/blog\/wp-content\/uploads\/2024\/05\/pub_abc_vegano_1.png?fit=720%2C1000&ssl=1\",\"contentUrl\":\"https:\/\/i0.wp.com\/marchettirules.com\/blog\/wp-content\/uploads\/2024\/05\/pub_abc_vegano_1.png?fit=720%2C1000&ssl=1\",\"width\":720,\"height\":1000},{\"@type\":\"BreadcrumbList\",\"@id\":\"https:\/\/marchettirules.com\/blog\/producto\/abc-vegano-marchettirules\/#breadcrumb\",\"itemListElement\":[{\"@type\":\"ListItem\",\"position\":1,\"name\":\"Portada\",\"item\":\"https:\/\/marchettirules.com\/blog\/\"},{\"@type\":\"ListItem\",\"position\":2,\"name\":\"Tienda\",\"item\":\"https:\/\/marchettirules.com\/blog\/tienda\/\"},{\"@type\":\"ListItem\",\"position\":3,\"name\":\"ABC Vegano MarchettiRules\"}]},{\"@type\":\"WebSite\",\"@id\":\"https:\/\/marchettirules.com\/blog\/#website\",\"url\":\"https:\/\/marchettirules.com\/blog\/\",\"name\":\"MarchettiRules\u00ae\",\"description\":\"\",\"publisher\":{\"@id\":\"https:\/\/marchettirules.com\/blog\/#organization\"},\"potentialAction\":[{\"@type\":\"SearchAction\",\"target\":{\"@type\":\"EntryPoint\",\"urlTemplate\":\"https:\/\/marchettirules.com\/blog\/?s={search_term_string}\"},\"query-input\":{\"@type\":\"PropertyValueSpecification\",\"valueRequired\":true,\"valueName\":\"search_term_string\"}}],\"inLanguage\":\"es\"},{\"@type\":\"Organization\",\"@id\":\"https:\/\/marchettirules.com\/blog\/#organization\",\"name\":\"MarchettiRules\u00ae\",\"url\":\"https:\/\/marchettirules.com\/blog\/\",\"logo\":{\"@type\":\"ImageObject\",\"inLanguage\":\"es\",\"@id\":\"https:\/\/marchettirules.com\/blog\/#\/schema\/logo\/image\/\",\"url\":\"https:\/\/i0.wp.com\/marchettirules.com\/blog\/wp-content\/uploads\/2021\/06\/logo_blanco_enlinea.png?fit=305%2C90&ssl=1\",\"contentUrl\":\"https:\/\/i0.wp.com\/marchettirules.com\/blog\/wp-content\/uploads\/2021\/06\/logo_blanco_enlinea.png?fit=305%2C90&ssl=1\",\"width\":305,\"height\":90,\"caption\":\"MarchettiRules\u00ae\"},\"image\":{\"@id\":\"https:\/\/marchettirules.com\/blog\/#\/schema\/logo\/image\/\"}}]}<\/script>\n<!-- \/ Yoast SEO plugin. -->","yoast_head_json":{"title":"ABC Vegano MarchettiRules - MarchettiRules\u00ae","robots":{"index":"index","follow":"follow","max-snippet":"max-snippet:-1","max-image-preview":"max-image-preview:large","max-video-preview":"max-video-preview:-1"},"canonical":"https:\/\/marchettirules.com\/blog\/producto\/abc-vegano-marchettirules\/","og_locale":"es_ES","og_type":"article","og_title":"ABC Vegano MarchettiRules - MarchettiRules\u00ae","og_description":"PDF Descargable","og_url":"https:\/\/marchettirules.com\/blog\/producto\/abc-vegano-marchettirules\/","og_site_name":"MarchettiRules\u00ae","article_modified_time":"2025-01-13T01:35:09+00:00","og_image":[{"width":720,"height":1000,"url":"https:\/\/marchettirules.com\/blog\/wp-content\/uploads\/2024\/05\/pub_abc_vegano_1.png","type":"image\/png"}],"twitter_card":"summary_large_image","twitter_misc":{"Tiempo de lectura":"1 minuto"},"schema":{"@context":"https:\/\/schema.org","@graph":[{"@type":"WebPage","@id":"https:\/\/marchettirules.com\/blog\/producto\/abc-vegano-marchettirules\/","url":"https:\/\/marchettirules.com\/blog\/producto\/abc-vegano-marchettirules\/","name":"ABC Vegano MarchettiRules - MarchettiRules\u00ae","isPartOf":{"@id":"https:\/\/marchettirules.com\/blog\/#website"},"primaryImageOfPage":{"@id":"https:\/\/marchettirules.com\/blog\/producto\/abc-vegano-marchettirules\/#primaryimage"},"image":{"@id":"https:\/\/marchettirules.com\/blog\/producto\/abc-vegano-marchettirules\/#primaryimage"},"thumbnailUrl":"https:\/\/i0.wp.com\/marchettirules.com\/blog\/wp-content\/uploads\/2024\/05\/pub_abc_vegano_1.png?fit=720%2C1000&ssl=1","datePublished":"2024-05-07T20:40:13+00:00","dateModified":"2025-01-13T01:35:09+00:00","breadcrumb":{"@id":"https:\/\/marchettirules.com\/blog\/producto\/abc-vegano-marchettirules\/#breadcrumb"},"inLanguage":"es","potentialAction":[{"@type":"ReadAction","target":["https:\/\/marchettirules.com\/blog\/producto\/abc-vegano-marchettirules\/"]}]},{"@type":"ImageObject","inLanguage":"es","@id":"https:\/\/marchettirules.com\/blog\/producto\/abc-vegano-marchettirules\/#primaryimage","url":"https:\/\/i0.wp.com\/marchettirules.com\/blog\/wp-content\/uploads\/2024\/05\/pub_abc_vegano_1.png?fit=720%2C1000&ssl=1","contentUrl":"https:\/\/i0.wp.com\/marchettirules.com\/blog\/wp-content\/uploads\/2024\/05\/pub_abc_vegano_1.png?fit=720%2C1000&ssl=1","width":720,"height":1000},{"@type":"BreadcrumbList","@id":"https:\/\/marchettirules.com\/blog\/producto\/abc-vegano-marchettirules\/#breadcrumb","itemListElement":[{"@type":"ListItem","position":1,"name":"Portada","item":"https:\/\/marchettirules.com\/blog\/"},{"@type":"ListItem","position":2,"name":"Tienda","item":"https:\/\/marchettirules.com\/blog\/tienda\/"},{"@type":"ListItem","position":3,"name":"ABC Vegano MarchettiRules"}]},{"@type":"WebSite","@id":"https:\/\/marchettirules.com\/blog\/#website","url":"https:\/\/marchettirules.com\/blog\/","name":"MarchettiRules\u00ae","description":"","publisher":{"@id":"https:\/\/marchettirules.com\/blog\/#organization"},"potentialAction":[{"@type":"SearchAction","target":{"@type":"EntryPoint","urlTemplate":"https:\/\/marchettirules.com\/blog\/?s={search_term_string}"},"query-input":{"@type":"PropertyValueSpecification","valueRequired":true,"valueName":"search_term_string"}}],"inLanguage":"es"},{"@type":"Organization","@id":"https:\/\/marchettirules.com\/blog\/#organization","name":"MarchettiRules\u00ae","url":"https:\/\/marchettirules.com\/blog\/","logo":{"@type":"ImageObject","inLanguage":"es","@id":"https:\/\/marchettirules.com\/blog\/#\/schema\/logo\/image\/","url":"https:\/\/i0.wp.com\/marchettirules.com\/blog\/wp-content\/uploads\/2021\/06\/logo_blanco_enlinea.png?fit=305%2C90&ssl=1","contentUrl":"https:\/\/i0.wp.com\/marchettirules.com\/blog\/wp-content\/uploads\/2021\/06\/logo_blanco_enlinea.png?fit=305%2C90&ssl=1","width":305,"height":90,"caption":"MarchettiRules\u00ae"},"image":{"@id":"https:\/\/marchettirules.com\/blog\/#\/schema\/logo\/image\/"}}]}},"jetpack_sharing_enabled":true,"_links":{"self":[{"href":"https:\/\/marchettirules.com\/blog\/wp-json\/wp\/v2\/product\/1578","targetHints":{"allow":["GET"]}}],"collection":[{"href":"https:\/\/marchettirules.com\/blog\/wp-json\/wp\/v2\/product"}],"about":[{"href":"https:\/\/marchettirules.com\/blog\/wp-json\/wp\/v2\/types\/product"}],"wp:featuredmedia":[{"embeddable":true,"href":"https:\/\/marchettirules.com\/blog\/wp-json\/wp\/v2\/media\/1582"}],"wp:attachment":[{"href":"https:\/\/marchettirules.com\/blog\/wp-json\/wp\/v2\/media?parent=1578"}],"wp:term":[{"taxonomy":"product_cat","embeddable":true,"href":"https:\/\/marchettirules.com\/blog\/wp-json\/wp\/v2\/product_cat?post=1578"},{"taxonomy":"product_tag","embeddable":true,"href":"https:\/\/marchettirules.com\/blog\/wp-json\/wp\/v2\/product_tag?post=1578"}],"curies":[{"name":"wp","href":"https:\/\/api.w.org\/{rel}","templated":true}]}}