{"id":1693,"date":"2024-05-08T18:43:45","date_gmt":"2024-05-08T18:43:45","guid":{"rendered":"https:\/\/marchettirules.com\/blog\/?post_type=product&#038;p=1693"},"modified":"2025-01-13T01:56:13","modified_gmt":"2025-01-13T01:56:13","slug":"abc-2-0-nutricion-facil-y-practica-esa-que-no-te-ensenaron-en-la-escuela","status":"publish","type":"product","link":"https:\/\/marchettirules.com\/blog\/producto\/abc-2-0-nutricion-facil-y-practica-esa-que-no-te-ensenaron-en-la-escuela\/","title":{"rendered":"ABC 2.0. NUTRICI\u00d3N F\u00c1CIL Y PR\u00c1CTICA (\u00a1ESA QUE NO TE ENSE\u00d1ARON EN LA ESCUELA!)"},"content":{"rendered":"<p class=\"mb-4 alineacionCentrada-AlineacionIzquierda p_de_descripcion_desktop\">Aprend\u00e9 una nueva forma de vincularte con tu alimentaci\u00f3n en esta gu\u00eda de m\u00e1s de 200 p\u00e1ginas cargadas de informaci\u00f3n: ideas para organizarte, la diferencia entre alimentos ultraprocesados y reales, macro y micronutrientes y much\u00edsimo m\u00e1s.<\/p>\n<div class=\"pl-4 pl-sm-5 pl-md-0 mb-4\">\n<ul class=\"marginOAutoMobile p_de_descripcion_desktop\">\n<li><strong>Autor:\u00a0<\/strong>Mat\u00edas Marchetti<\/li>\n<li><strong>T\u00edtulo:\u00a0<\/strong>ABC 2.0. NUTRICI\u00d3N F\u00c1CIL Y PR\u00c1CTICA (\u00a1ESA QUE NO TE ENSE\u00d1ARON EN LA ESCUELA!)<\/li>\n<li><strong>Idioma:\u00a0<\/strong>Castellano<\/li>\n<li><strong>A\u00f1o:\u00a0<\/strong>2021<\/li>\n<li><strong>Tama\u00f1o:\u00a0<\/strong>20cm x 28cm<\/li>\n<li><strong>P\u00e1ginas:\u00a0<\/strong>205<\/li>\n<li><strong>Formato:\u00a0<\/strong>PDF Descargable<\/li>\n<\/ul>\n<\/div>\n","protected":false},"excerpt":{"rendered":"<p>PDF Descargable<\/p>\n<p><a href=\"https:\/\/marchettirules.com\/blog\/wp-content\/uploads\/2024\/05\/para_leer.png\"><img decoding=\"async\" class=\"alignnone wp-image-1640\" src=\"https:\/\/marchettirules.com\/blog\/wp-content\/uploads\/2024\/05\/para_leer.png\" alt=\"\" width=\"164\" height=\"59\" \/><\/a><\/p>\n","protected":false},"featured_media":1697,"template":"","meta":[],"product_cat":[32,33],"product_tag":[],"class_list":{"0":"post-1693","1":"product","2":"type-product","3":"status-publish","4":"has-post-thumbnail","6":"product_cat-abc","7":"product_cat-mostrar-todas","9":"first","10":"instock","11":"downloadable","12":"virtual","13":"purchasable","14":"product-type-simple"},"yoast_head":"<!-- This site is optimized with the Yoast SEO plugin v24.2 - https:\/\/yoast.com\/wordpress\/plugins\/seo\/ -->\n<title>ABC 2.0. NUTRICI\u00d3N F\u00c1CIL Y PR\u00c1CTICA (\u00a1ESA QUE NO TE ENSE\u00d1ARON EN LA ESCUELA!) - MarchettiRules\u00ae<\/title>\n<meta name=\"robots\" content=\"index, follow, max-snippet:-1, max-image-preview:large, max-video-preview:-1\" \/>\n<link rel=\"canonical\" href=\"https:\/\/marchettirules.com\/blog\/producto\/abc-2-0-nutricion-facil-y-practica-esa-que-no-te-ensenaron-en-la-escuela\/\" \/>\n<meta property=\"og:locale\" content=\"es_ES\" \/>\n<meta property=\"og:type\" content=\"article\" \/>\n<meta property=\"og:title\" content=\"ABC 2.0. NUTRICI\u00d3N F\u00c1CIL Y PR\u00c1CTICA (\u00a1ESA QUE NO TE ENSE\u00d1ARON EN LA ESCUELA!) - MarchettiRules\u00ae\" \/>\n<meta property=\"og:description\" content=\"PDF Descargable\" \/>\n<meta property=\"og:url\" content=\"https:\/\/marchettirules.com\/blog\/producto\/abc-2-0-nutricion-facil-y-practica-esa-que-no-te-ensenaron-en-la-escuela\/\" \/>\n<meta property=\"og:site_name\" content=\"MarchettiRules\u00ae\" \/>\n<meta property=\"article:modified_time\" content=\"2025-01-13T01:56:13+00:00\" \/>\n<meta property=\"og:image\" content=\"https:\/\/marchettirules.com\/blog\/wp-content\/uploads\/2024\/05\/IMG-Tienda_ABC2-0_op01.png\" \/>\n\t<meta property=\"og:image:width\" content=\"720\" \/>\n\t<meta property=\"og:image:height\" content=\"1000\" \/>\n\t<meta property=\"og:image:type\" content=\"image\/png\" \/>\n<meta name=\"twitter:card\" content=\"summary_large_image\" \/>\n<meta name=\"twitter:label1\" content=\"Tiempo de lectura\" \/>\n\t<meta name=\"twitter:data1\" content=\"1 minuto\" \/>\n<script type=\"application\/ld+json\" class=\"yoast-schema-graph\">{\"@context\":\"https:\/\/schema.org\",\"@graph\":[{\"@type\":\"WebPage\",\"@id\":\"https:\/\/marchettirules.com\/blog\/producto\/abc-2-0-nutricion-facil-y-practica-esa-que-no-te-ensenaron-en-la-escuela\/\",\"url\":\"https:\/\/marchettirules.com\/blog\/producto\/abc-2-0-nutricion-facil-y-practica-esa-que-no-te-ensenaron-en-la-escuela\/\",\"name\":\"ABC 2.0. NUTRICI\u00d3N F\u00c1CIL Y PR\u00c1CTICA (\u00a1ESA QUE NO TE ENSE\u00d1ARON EN LA ESCUELA!) - MarchettiRules\u00ae\",\"isPartOf\":{\"@id\":\"https:\/\/marchettirules.com\/blog\/#website\"},\"primaryImageOfPage\":{\"@id\":\"https:\/\/marchettirules.com\/blog\/producto\/abc-2-0-nutricion-facil-y-practica-esa-que-no-te-ensenaron-en-la-escuela\/#primaryimage\"},\"image\":{\"@id\":\"https:\/\/marchettirules.com\/blog\/producto\/abc-2-0-nutricion-facil-y-practica-esa-que-no-te-ensenaron-en-la-escuela\/#primaryimage\"},\"thumbnailUrl\":\"https:\/\/i0.wp.com\/marchettirules.com\/blog\/wp-content\/uploads\/2024\/05\/IMG-Tienda_ABC2-0_op01.png?fit=720%2C1000&ssl=1\",\"datePublished\":\"2024-05-08T18:43:45+00:00\",\"dateModified\":\"2025-01-13T01:56:13+00:00\",\"breadcrumb\":{\"@id\":\"https:\/\/marchettirules.com\/blog\/producto\/abc-2-0-nutricion-facil-y-practica-esa-que-no-te-ensenaron-en-la-escuela\/#breadcrumb\"},\"inLanguage\":\"es\",\"potentialAction\":[{\"@type\":\"ReadAction\",\"target\":[\"https:\/\/marchettirules.com\/blog\/producto\/abc-2-0-nutricion-facil-y-practica-esa-que-no-te-ensenaron-en-la-escuela\/\"]}]},{\"@type\":\"ImageObject\",\"inLanguage\":\"es\",\"@id\":\"https:\/\/marchettirules.com\/blog\/producto\/abc-2-0-nutricion-facil-y-practica-esa-que-no-te-ensenaron-en-la-escuela\/#primaryimage\",\"url\":\"https:\/\/i0.wp.com\/marchettirules.com\/blog\/wp-content\/uploads\/2024\/05\/IMG-Tienda_ABC2-0_op01.png?fit=720%2C1000&ssl=1\",\"contentUrl\":\"https:\/\/i0.wp.com\/marchettirules.com\/blog\/wp-content\/uploads\/2024\/05\/IMG-Tienda_ABC2-0_op01.png?fit=720%2C1000&ssl=1\",\"width\":720,\"height\":1000},{\"@type\":\"BreadcrumbList\",\"@id\":\"https:\/\/marchettirules.com\/blog\/producto\/abc-2-0-nutricion-facil-y-practica-esa-que-no-te-ensenaron-en-la-escuela\/#breadcrumb\",\"itemListElement\":[{\"@type\":\"ListItem\",\"position\":1,\"name\":\"Portada\",\"item\":\"https:\/\/marchettirules.com\/blog\/\"},{\"@type\":\"ListItem\",\"position\":2,\"name\":\"Tienda\",\"item\":\"https:\/\/marchettirules.com\/blog\/tienda\/\"},{\"@type\":\"ListItem\",\"position\":3,\"name\":\"ABC 2.0. NUTRICI\u00d3N F\u00c1CIL Y PR\u00c1CTICA (\u00a1ESA QUE NO TE ENSE\u00d1ARON EN LA ESCUELA!)\"}]},{\"@type\":\"WebSite\",\"@id\":\"https:\/\/marchettirules.com\/blog\/#website\",\"url\":\"https:\/\/marchettirules.com\/blog\/\",\"name\":\"MarchettiRules\u00ae\",\"description\":\"\",\"publisher\":{\"@id\":\"https:\/\/marchettirules.com\/blog\/#organization\"},\"potentialAction\":[{\"@type\":\"SearchAction\",\"target\":{\"@type\":\"EntryPoint\",\"urlTemplate\":\"https:\/\/marchettirules.com\/blog\/?s={search_term_string}\"},\"query-input\":{\"@type\":\"PropertyValueSpecification\",\"valueRequired\":true,\"valueName\":\"search_term_string\"}}],\"inLanguage\":\"es\"},{\"@type\":\"Organization\",\"@id\":\"https:\/\/marchettirules.com\/blog\/#organization\",\"name\":\"MarchettiRules\u00ae\",\"url\":\"https:\/\/marchettirules.com\/blog\/\",\"logo\":{\"@type\":\"ImageObject\",\"inLanguage\":\"es\",\"@id\":\"https:\/\/marchettirules.com\/blog\/#\/schema\/logo\/image\/\",\"url\":\"https:\/\/i0.wp.com\/marchettirules.com\/blog\/wp-content\/uploads\/2021\/06\/logo_blanco_enlinea.png?fit=305%2C90&ssl=1\",\"contentUrl\":\"https:\/\/i0.wp.com\/marchettirules.com\/blog\/wp-content\/uploads\/2021\/06\/logo_blanco_enlinea.png?fit=305%2C90&ssl=1\",\"width\":305,\"height\":90,\"caption\":\"MarchettiRules\u00ae\"},\"image\":{\"@id\":\"https:\/\/marchettirules.com\/blog\/#\/schema\/logo\/image\/\"}}]}<\/script>\n<!-- \/ Yoast SEO plugin. -->","yoast_head_json":{"title":"ABC 2.0. NUTRICI\u00d3N F\u00c1CIL Y PR\u00c1CTICA (\u00a1ESA QUE NO TE ENSE\u00d1ARON EN LA ESCUELA!) - MarchettiRules\u00ae","robots":{"index":"index","follow":"follow","max-snippet":"max-snippet:-1","max-image-preview":"max-image-preview:large","max-video-preview":"max-video-preview:-1"},"canonical":"https:\/\/marchettirules.com\/blog\/producto\/abc-2-0-nutricion-facil-y-practica-esa-que-no-te-ensenaron-en-la-escuela\/","og_locale":"es_ES","og_type":"article","og_title":"ABC 2.0. NUTRICI\u00d3N F\u00c1CIL Y PR\u00c1CTICA (\u00a1ESA QUE NO TE ENSE\u00d1ARON EN LA ESCUELA!) - MarchettiRules\u00ae","og_description":"PDF Descargable","og_url":"https:\/\/marchettirules.com\/blog\/producto\/abc-2-0-nutricion-facil-y-practica-esa-que-no-te-ensenaron-en-la-escuela\/","og_site_name":"MarchettiRules\u00ae","article_modified_time":"2025-01-13T01:56:13+00:00","og_image":[{"width":720,"height":1000,"url":"https:\/\/marchettirules.com\/blog\/wp-content\/uploads\/2024\/05\/IMG-Tienda_ABC2-0_op01.png","type":"image\/png"}],"twitter_card":"summary_large_image","twitter_misc":{"Tiempo de lectura":"1 minuto"},"schema":{"@context":"https:\/\/schema.org","@graph":[{"@type":"WebPage","@id":"https:\/\/marchettirules.com\/blog\/producto\/abc-2-0-nutricion-facil-y-practica-esa-que-no-te-ensenaron-en-la-escuela\/","url":"https:\/\/marchettirules.com\/blog\/producto\/abc-2-0-nutricion-facil-y-practica-esa-que-no-te-ensenaron-en-la-escuela\/","name":"ABC 2.0. NUTRICI\u00d3N F\u00c1CIL Y PR\u00c1CTICA (\u00a1ESA QUE NO TE ENSE\u00d1ARON EN LA ESCUELA!) - MarchettiRules\u00ae","isPartOf":{"@id":"https:\/\/marchettirules.com\/blog\/#website"},"primaryImageOfPage":{"@id":"https:\/\/marchettirules.com\/blog\/producto\/abc-2-0-nutricion-facil-y-practica-esa-que-no-te-ensenaron-en-la-escuela\/#primaryimage"},"image":{"@id":"https:\/\/marchettirules.com\/blog\/producto\/abc-2-0-nutricion-facil-y-practica-esa-que-no-te-ensenaron-en-la-escuela\/#primaryimage"},"thumbnailUrl":"https:\/\/i0.wp.com\/marchettirules.com\/blog\/wp-content\/uploads\/2024\/05\/IMG-Tienda_ABC2-0_op01.png?fit=720%2C1000&ssl=1","datePublished":"2024-05-08T18:43:45+00:00","dateModified":"2025-01-13T01:56:13+00:00","breadcrumb":{"@id":"https:\/\/marchettirules.com\/blog\/producto\/abc-2-0-nutricion-facil-y-practica-esa-que-no-te-ensenaron-en-la-escuela\/#breadcrumb"},"inLanguage":"es","potentialAction":[{"@type":"ReadAction","target":["https:\/\/marchettirules.com\/blog\/producto\/abc-2-0-nutricion-facil-y-practica-esa-que-no-te-ensenaron-en-la-escuela\/"]}]},{"@type":"ImageObject","inLanguage":"es","@id":"https:\/\/marchettirules.com\/blog\/producto\/abc-2-0-nutricion-facil-y-practica-esa-que-no-te-ensenaron-en-la-escuela\/#primaryimage","url":"https:\/\/i0.wp.com\/marchettirules.com\/blog\/wp-content\/uploads\/2024\/05\/IMG-Tienda_ABC2-0_op01.png?fit=720%2C1000&ssl=1","contentUrl":"https:\/\/i0.wp.com\/marchettirules.com\/blog\/wp-content\/uploads\/2024\/05\/IMG-Tienda_ABC2-0_op01.png?fit=720%2C1000&ssl=1","width":720,"height":1000},{"@type":"BreadcrumbList","@id":"https:\/\/marchettirules.com\/blog\/producto\/abc-2-0-nutricion-facil-y-practica-esa-que-no-te-ensenaron-en-la-escuela\/#breadcrumb","itemListElement":[{"@type":"ListItem","position":1,"name":"Portada","item":"https:\/\/marchettirules.com\/blog\/"},{"@type":"ListItem","position":2,"name":"Tienda","item":"https:\/\/marchettirules.com\/blog\/tienda\/"},{"@type":"ListItem","position":3,"name":"ABC 2.0. NUTRICI\u00d3N F\u00c1CIL Y PR\u00c1CTICA (\u00a1ESA QUE NO TE ENSE\u00d1ARON EN LA ESCUELA!)"}]},{"@type":"WebSite","@id":"https:\/\/marchettirules.com\/blog\/#website","url":"https:\/\/marchettirules.com\/blog\/","name":"MarchettiRules\u00ae","description":"","publisher":{"@id":"https:\/\/marchettirules.com\/blog\/#organization"},"potentialAction":[{"@type":"SearchAction","target":{"@type":"EntryPoint","urlTemplate":"https:\/\/marchettirules.com\/blog\/?s={search_term_string}"},"query-input":{"@type":"PropertyValueSpecification","valueRequired":true,"valueName":"search_term_string"}}],"inLanguage":"es"},{"@type":"Organization","@id":"https:\/\/marchettirules.com\/blog\/#organization","name":"MarchettiRules\u00ae","url":"https:\/\/marchettirules.com\/blog\/","logo":{"@type":"ImageObject","inLanguage":"es","@id":"https:\/\/marchettirules.com\/blog\/#\/schema\/logo\/image\/","url":"https:\/\/i0.wp.com\/marchettirules.com\/blog\/wp-content\/uploads\/2021\/06\/logo_blanco_enlinea.png?fit=305%2C90&ssl=1","contentUrl":"https:\/\/i0.wp.com\/marchettirules.com\/blog\/wp-content\/uploads\/2021\/06\/logo_blanco_enlinea.png?fit=305%2C90&ssl=1","width":305,"height":90,"caption":"MarchettiRules\u00ae"},"image":{"@id":"https:\/\/marchettirules.com\/blog\/#\/schema\/logo\/image\/"}}]}},"jetpack_sharing_enabled":true,"_links":{"self":[{"href":"https:\/\/marchettirules.com\/blog\/wp-json\/wp\/v2\/product\/1693","targetHints":{"allow":["GET"]}}],"collection":[{"href":"https:\/\/marchettirules.com\/blog\/wp-json\/wp\/v2\/product"}],"about":[{"href":"https:\/\/marchettirules.com\/blog\/wp-json\/wp\/v2\/types\/product"}],"wp:featuredmedia":[{"embeddable":true,"href":"https:\/\/marchettirules.com\/blog\/wp-json\/wp\/v2\/media\/1697"}],"wp:attachment":[{"href":"https:\/\/marchettirules.com\/blog\/wp-json\/wp\/v2\/media?parent=1693"}],"wp:term":[{"taxonomy":"product_cat","embeddable":true,"href":"https:\/\/marchettirules.com\/blog\/wp-json\/wp\/v2\/product_cat?post=1693"},{"taxonomy":"product_tag","embeddable":true,"href":"https:\/\/marchettirules.com\/blog\/wp-json\/wp\/v2\/product_tag?post=1693"}],"curies":[{"name":"wp","href":"https:\/\/api.w.org\/{rel}","templated":true}]}}